{"id":37,"date":"2023-09-08T13:45:00","date_gmt":"2023-09-08T11:45:00","guid":{"rendered":"https:\/\/ouifrench.com\/?page_id=37"},"modified":"2023-09-18T15:52:53","modified_gmt":"2023-09-18T13:52:53","slug":"interactive-french-courses-for-busy-learners","status":"publish","type":"page","link":"https:\/\/ouifrench.com\/","title":{"rendered":"Interactive Online French Courses for busy learners"},"content":{"rendered":"<p class=\"wp-block-site-tagline\">French courses with a certified native teacher and boost your communication skills. Embrace the challenge and learn French interactively!<\/p>\n\n\n<figure class=\"wp-block-gallery has-nested-images columns-default is-cropped wp-block-gallery-1 is-layout-flex wp-block-gallery-is-layout-flex\">\n<figure class=\"wp-block-image size-full is-style-rounded\"><img loading=\"lazy\" decoding=\"async\" width=\"600\" height=\"600\" data-id=\"361\" src=\"https:\/\/ouifrench.com\/wp-content\/uploads\/2023\/09\/zoom-conversation-5.png\" alt=\"\" class=\"wp-image-361\" srcset=\"https:\/\/ouifrench.com\/wp-content\/uploads\/2023\/09\/zoom-conversation-5.png 600w, https:\/\/ouifrench.com\/wp-content\/uploads\/2023\/09\/zoom-conversation-5-300x300.png 300w, https:\/\/ouifrench.com\/wp-content\/uploads\/2023\/09\/zoom-conversation-5-150x150.png 150w\" sizes=\"auto, (max-width: 600px) 100vw, 600px\" \/><\/figure>\n<\/figure>\n\n\n\n<p>Are you eager to learn French but feeling a little intimidated by its complexities?&nbsp;<\/p>\n\n\n\n<p>Whether it&#8217;s for a business trip, to ace a test or to enhance your everyday skills, with <strong>Oui French<\/strong> you&#8217;re in great hands. We offer both micro-group and individual online courses and our experts French native teachers know how to make the process interactive, communicative, and fun !<\/p>\n\n\n\n<p>We target your individual needs and goals, you&#8217;ll quickly find yourself progressing and gaining confidence in real-life situations.&nbsp;<\/p>\n\n\n\n<p>Plus, learning French is also an immersion into a fascinating culture that can positively impact your life.&nbsp;<\/p>\n\n\n\n<p>So why wait? Unlock your potential and embrace the challenge of mastering the language with <strong>Oui French<\/strong>.<\/p>\n\n\n\n<p><\/p>\n\n\n\n<div class=\"wp-block-buttons is-layout-flex wp-block-buttons-is-layout-flex\">\n<div class=\"wp-block-button\"><a class=\"wp-block-button__link wp-element-button\" href=\"https:\/\/ouifrench.com\/index.php\/discover-our-group-courses\/\">C&#8217;est parti !<\/a><\/div>\n<\/div>\n\n\n\n<h2 class=\"wp-block-heading\">Meet the teacher<\/h2>\n\n\n\n<figure class=\"wp-block-image size-full is-resized is-style-rounded\"><img loading=\"lazy\" decoding=\"async\" src=\"https:\/\/ouifrench.com\/wp-content\/uploads\/2023\/09\/mb-3.jpg\" alt=\"\" class=\"wp-image-359\" style=\"width:263px;height:276px\" width=\"263\" height=\"276\" srcset=\"https:\/\/ouifrench.com\/wp-content\/uploads\/2023\/09\/mb-3.jpg 569w, https:\/\/ouifrench.com\/wp-content\/uploads\/2023\/09\/mb-3-285x300.jpg 285w\" sizes=\"auto, (max-width: 263px) 100vw, 263px\" \/><\/figure>\n\n\n\n<p>Bonjour ! I&#8217;m Morgane, a certified native French teacher and founder of the online French school <strong>Oui French<\/strong>. Looking for a stimulating and friendly environment to boost your language skills? I&#8217;m ready to help you!<\/p>\n\n\n\n<p><\/p>\n\n\n\n<div class=\"wp-block-buttons is-layout-flex wp-block-buttons-is-layout-flex\">\n<div class=\"wp-block-button\"><a class=\"wp-block-button__link wp-element-button\" href=\"https:\/\/ouifrench.com\/index.php\/about\/\">Read more about the teacher<\/a><\/div>\n<\/div>\n\n\n\n<div class=\"wp-block-group has-global-padding is-layout-constrained wp-block-group-is-layout-constrained\">\n<div class=\"wp-block-columns is-layout-flex wp-container-core-columns-is-layout-28f84493 wp-block-columns-is-layout-flex\">\n<div class=\"wp-block-column is-layout-flow wp-block-column-is-layout-flow\" style=\"flex-basis:100%\"><\/div>\n<\/div>\n<\/div>\n\n\n\n<h2 class=\"wp-block-heading\">What my students say<\/h2>\n\n\n\n<blockquote class=\"wp-block-quote has-text-align-center is-style-large is-layout-flow wp-block-quote-is-layout-flow\">\n<p class=\"has-medium-font-size\">J&#8217;ai pris des cours de fran\u00e7ais aupr\u00e8s de Morgane en vue d&#8217;un concours europ\u00e9en. En peu de temps, elle a su me donner les conseils n\u00e9cessaires pour que mon entretien soit r\u00e9ussi. Elle m&#8217;a \u00e9galement accompagn\u00e9 lors de la pr\u00e9paration avec des documents qui pourraient m&#8217;\u00eatre utiles. Je recommande vraiment de prendre des cours avec Morgane !<\/p>\n<cite>\u2014 Fabio, Italian<\/cite><\/blockquote>\n\n\n\n<hr class=\"wp-block-separator has-css-opacity is-style-default\"\/>\n\n\n\n<blockquote class=\"wp-block-quote has-text-align-center is-style-large is-layout-flow wp-block-quote-is-layout-flow\">\n<p class=\"has-medium-font-size\">I&#8217;m very glad that I could&#8217;ve found Morgane as my french teacher! She can really understand your needs and come up with classes that fit perfectly your goals in the time available. She is also very friendly, so I felt very comfortable asking questions, and she was quite flexible adapting the lessons for me. I definitely recommend her, is worth it! Merci Morgane \ud83d\ude42<\/p>\n<cite>\u2014 Jessica, German<\/cite><\/blockquote>\n\n\n\n<hr class=\"wp-block-separator has-css-opacity is-style-default\"\/>\n\n\n\n<blockquote class=\"wp-block-quote has-text-align-center is-style-large is-layout-flow wp-block-quote-is-layout-flow\">\n<p class=\"has-medium-font-size\">Ho seguito le lezioni di Morgane nell&#8217;autunno 2017. Si \u00e8 rivelata una bravissima insegnante, capace di adattare il suo metodo di insegnamento a seconda delle esigenze. Nel mio caso, dovevo approfondire il francese soprattutto per meeting di lavoro in ambito cinematografico, e Morgane ha focalizzato le sue lezioni usando frasi e termini nell&#8217;ambito. PS: il mio francese non era buono all&#8217;inizio, ma per fortuna Morgane parla italiano perfettamente. Molto consigliata.<\/p>\n<cite>\u2014 Claudio, Italian<\/cite><\/blockquote>\n\n\n\n<hr class=\"wp-block-separator has-css-opacity is-style-default\"\/>\n\n\n\n<blockquote class=\"wp-block-quote has-text-align-center is-style-large is-layout-flow wp-block-quote-is-layout-flow\">\n<p class=\"has-medium-font-size\">My experience with Morgane was extremely positive both for the clarity of the explanations and for the care with which she carefully chose the study material, adapting it each time to my level of French. Absolutely recommended!<\/p>\n<cite>\u2014 James, American<\/cite><\/blockquote>\n\n\n\n<hr class=\"wp-block-separator has-css-opacity is-style-default\"\/>\n","protected":false},"excerpt":{"rendered":"<p>Are you eager to learn French but feeling a little intimidated by its complexities?&nbsp; Whether it&#8217;s for a business trip, to ace a test or to enhance your everyday skills, with Oui French you&#8217;re in great hands. We offer both micro-group and individual online courses and our experts French native teachers know how to make [&hellip;]<\/p>\n","protected":false},"author":1,"featured_media":0,"parent":0,"menu_order":0,"comment_status":"closed","ping_status":"closed","template":"","meta":{"om_disable_all_campaigns":false,"_monsterinsights_skip_tracking":false,"_monsterinsights_sitenote_active":false,"_monsterinsights_sitenote_note":"","_monsterinsights_sitenote_category":0,"footnotes":""},"class_list":["post-37","page","type-page","status-publish","hentry"],"aioseo_notices":[],"_links":{"self":[{"href":"https:\/\/ouifrench.com\/index.php\/wp-json\/wp\/v2\/pages\/37","targetHints":{"allow":["GET"]}}],"collection":[{"href":"https:\/\/ouifrench.com\/index.php\/wp-json\/wp\/v2\/pages"}],"about":[{"href":"https:\/\/ouifrench.com\/index.php\/wp-json\/wp\/v2\/types\/page"}],"author":[{"embeddable":true,"href":"https:\/\/ouifrench.com\/index.php\/wp-json\/wp\/v2\/users\/1"}],"replies":[{"embeddable":true,"href":"https:\/\/ouifrench.com\/index.php\/wp-json\/wp\/v2\/comments?post=37"}],"version-history":[{"count":62,"href":"https:\/\/ouifrench.com\/index.php\/wp-json\/wp\/v2\/pages\/37\/revisions"}],"predecessor-version":[{"id":406,"href":"https:\/\/ouifrench.com\/index.php\/wp-json\/wp\/v2\/pages\/37\/revisions\/406"}],"wp:attachment":[{"href":"https:\/\/ouifrench.com\/index.php\/wp-json\/wp\/v2\/media?parent=37"}],"curies":[{"name":"wp","href":"https:\/\/api.w.org\/{rel}","templated":true}]}}