{"id":119,"date":"2023-09-07T14:35:53","date_gmt":"2023-09-07T12:35:53","guid":{"rendered":"https:\/\/ouifrench.com\/?page_id=119"},"modified":"2023-09-09T15:06:32","modified_gmt":"2023-09-09T13:06:32","slug":"mentions-legales","status":"publish","type":"page","link":"https:\/\/ouifrench.com\/index.php\/mentions-legales\/","title":{"rendered":"Mentions l\u00e9gales"},"content":{"rendered":"\n<div class='hjqs-ln-render'><h2>1. Pr\u00e9sentation du site<\/h2>\r\n<p>En vertu de l'article 6 de la loi n\u00b0 2004-575 du 21 juin 2004 pour la confiance dans l'\u00e9conomie num\u00e9rique, il est pr\u00e9cis\u00e9 aux utilisateurs du site ouifrench.com l'identit\u00e9 des diff\u00e9rents intervenants dans le cadre de sa r\u00e9alisation et de son suivi :<\/p>\r\n<ul>\r\n<li>Propri\u00e9taire du site : Morgane Barra\u00a0<\/li>\r\n<li>Si\u00e8ge social : 40 rue des aub\u00e9pines 42170 Saint Just Saint Rambert<\/li>\r\n<li>Num\u00e9ro SIRET : 88009477600015<\/li>\r\n<li>Num\u00e9ro identification TVA : 880094776<\/li>\r\n<li>Responsable publication : Morgane Barra oui.french.morgane@gmail.com<\/li>\r\n<li>Cr\u00e9ateur du site : Morgane Barra\u00a0<\/li>\r\n<li>H\u00e9bergeur : OVH (2 Rue Kellermann, 59100 Roubaix)<\/li>\r\n<\/ul>\r\n<h2>2. Conditions g\u00e9n\u00e9rales d\u2019utilisation du site et des services propos\u00e9s<\/h2>\r\n<p>L\u2019utilisation du site ouifrench.com implique l\u2019acceptation pleine et enti\u00e8re des conditions g\u00e9n\u00e9rales d\u2019utilisation ci-apr\u00e8s d\u00e9crites. Ces conditions d\u2019utilisation sont susceptibles d\u2019\u00eatre modifi\u00e9es ou compl\u00e9t\u00e9es \u00e0 tout moment, les utilisateurs du site ouifrench.com sont donc invit\u00e9s \u00e0 les consulter de mani\u00e8re r\u00e9guli\u00e8re.<\/p>\r\n<p>Le site ouifrench.com est mis \u00e0 jour r\u00e9guli\u00e8rement. De la m\u00eame fa\u00e7on, les mentions l\u00e9gales peuvent \u00eatre modifi\u00e9es \u00e0 tout moment : elles s\u2019imposent n\u00e9anmoins \u00e0 l\u2019utilisateur qui est invit\u00e9 \u00e0 s\u2019y r\u00e9f\u00e9rer le plus souvent possible afin d\u2019en prendre connaissance.<\/p>\r\n<h2>3. Description des services fournis<\/h2>\r\n<p>Le site ouifrench.com a pour objet de fournir une information concernant l\u2019ensemble des activit\u00e9s de la soci\u00e9t\u00e9.<\/p>\r\n<p>L'administrateur du site s\u2019efforce de fournir sur le site ouifrench.com des informations aussi pr\u00e9cises que possible. Toutefois, il ne pourra \u00eatre tenu responsable des omissions, des inexactitudes et des carences dans la mise \u00e0 jour, qu\u2019elles soient de son fait ou du fait des tiers partenaires qui lui fournissent ces informations.<\/p>\r\n<h2>\u00a04. Propri\u00e9t\u00e9 intellectuelle et contrefa\u00e7ons<\/h2>\r\n<p>Morgane Barra est propri\u00e9taire des droits de propri\u00e9t\u00e9 intellectuelle ou d\u00e9tient les droits d\u2019usage sur tous les \u00e9l\u00e9ments accessibles sur le site, notamment les textes, images, graphismes, logo, ic\u00f4nes, sons, logiciels.<\/p>\r\n<p>Toute reproduction, repr\u00e9sentation, modification, publication, adaptation de tout ou partie des \u00e9l\u00e9ments du site, quel que soit le moyen ou le proc\u00e9d\u00e9 utilis\u00e9, est interdite\u00a0 conform\u00e9ment aux dispositions des articles L.335-2 et suivants du Code de Propri\u00e9t\u00e9 Intellectuelle.<\/p>\r\n<h2>5. Gestion des donn\u00e9es personnelles<\/h2>\r\n<p>En France, les donn\u00e9es personnelles sont notamment prot\u00e9g\u00e9es par la loi n\u00b0 78-87 du 6 janvier 1978, la loi n\u00b0 2004-801 du 6 ao\u00fbt 2004, l'article L. 226-13 du Code p\u00e9nal et la Directive Europ\u00e9enne du 24 octobre 1995.<\/p>\r\n<p>A l'occasion de l'utilisation du site ouifrench.com, peuvent \u00eatres recueillies : l'URL des liens par l'interm\u00e9diaire desquels l'utilisateur a acc\u00e9d\u00e9 au site ouifrench.com, le fournisseur d'acc\u00e8s de l'utilisateur, l'adresse de protocole Internet (IP) de l'utilisateur.<\/p>\r\n<p>En tout \u00e9tat de cause ouifrench.com ne collecte des informations personnelles relatives \u00e0 l'utilisateur que pour le besoin de certains services propos\u00e9s par le site ouifrench.com. L'utilisateur fournit ces informations en toute connaissance de cause, notamment lorsqu'il proc\u00e8de par lui-m\u00eame \u00e0 leur saisie.<\/p>\r\n<p>Conform\u00e9ment aux dispositions des articles 38 et suivants de la loi 78-17 du 6 janvier 1978 relative \u00e0 l\u2019informatique, aux fichiers et aux libert\u00e9s, tout utilisateur dispose d\u2019un droit d\u2019acc\u00e8s, de rectification et d\u2019opposition aux donn\u00e9es personnelles le concernant, en effectuant sa demande \u00e9crite et sign\u00e9e, accompagn\u00e9e d\u2019une copie du titre d\u2019identit\u00e9 avec signature du titulaire de la pi\u00e8ce, en pr\u00e9cisant l\u2019adresse \u00e0 laquelle la r\u00e9ponse doit \u00eatre envoy\u00e9e.<\/p>\r\n<p>Aucune information personnelle de l'utilisateur du site ouifrench.com n'est publi\u00e9e \u00e0 l'insu de l'utilisateur, \u00e9chang\u00e9e, transf\u00e9r\u00e9e, c\u00e9d\u00e9e ou vendue sur un support quelconque \u00e0 des tiers.\u00a0<\/p>\r\n<p>Le site n'est pas d\u00e9clar\u00e9 \u00e0 la CNIL car il n'exploite pas les donn\u00e9es personnelles comme indiqu\u00e9 sur cette page<\/p>\r\n<p>Les bases de donn\u00e9es sont prot\u00e9g\u00e9es par les dispositions de la loi du 1er juillet 1998 transposant la directive 96\/9 du 11 mars 1996 relative \u00e0 la protection juridique des bases de donn\u00e9es.<\/p>\r\n<h2>6. Liens hypertextes et cookies<\/h2>\r\n<p>La navigation sur le site ouifrench.com est susceptible de provoquer l\u2019installation de cookie(s) sur l\u2019ordinateur de l\u2019utilisateur. Un cookie est un fichier de petite taille, qui ne permet pas l\u2019identification de l\u2019utilisateur, mais qui enregistre des informations relatives \u00e0 la navigation d\u2019un ordinateur sur un site. Les donn\u00e9es ainsi obtenues visent \u00e0 faciliter la navigation ult\u00e9rieure sur le site, et ont \u00e9galement vocation \u00e0 permettre diverses mesures de fr\u00e9quentation.<\/p>\r\n<p>Le refus d\u2019installation d\u2019un cookie peut entra\u00eener l\u2019impossibilit\u00e9 d\u2019acc\u00e9der \u00e0 certains services. L\u2019utilisateur peut toutefois configurer son ordinateur de la mani\u00e8re suivante, pour refuser l\u2019installation des cookies :<\/p>\r\n<ul>\r\n<li>Sous Internet Explorer : onglet outil (pictogramme en forme de rouage en haut a droite) \/ options internet. Cliquez sur Confidentialit\u00e9 et choisissez Bloquer tous les cookies. Validez sur Ok.<\/li>\r\n<li>Sous Firefox : en haut de la fen\u00eatre du navigateur, cliquez sur le bouton Firefox, puis aller dans l'onglet Options. Cliquer sur l'onglet Vie priv\u00e9e. Param\u00e9trez les R\u00e8gles de conservation sur : utiliser les param\u00e8tres personnalis\u00e9s pour l'historique. Enfin d\u00e9cochez-la pour d\u00e9sactiver les cookies.<\/li>\r\n<li>Sous Safari : Cliquez en haut \u00e0 droite du navigateur sur le pictogramme de menu (symbolis\u00e9 par un rouage). S\u00e9lectionnez Param\u00e8tres. Cliquez sur Afficher les param\u00e8tres avanc\u00e9s. Dans la section \"Confidentialit\u00e9\", cliquez sur Param\u00e8tres de contenu. Dans la section \"Cookies\", vous pouvez bloquer les cookies.<\/li>\r\n<li>Sous Chrome : Cliquez en haut \u00e0 droite du navigateur sur le pictogramme de menu (symbolis\u00e9 par trois lignes horizontales). S\u00e9lectionnez Param\u00e8tres. Cliquez sur Afficher les param\u00e8tres avanc\u00e9s. Dans la section \"Confidentialit\u00e9\", cliquez sur pr\u00e9f\u00e9rences. Dans l'onglet \"Confidentialit\u00e9\", vous pouvez bloquer les cookies.<\/li>\r\n<\/ul>\r\n<h2>7. Droit applicable et attribution de juridiction<\/h2>\r\n<p>Tout litige en relation avec l\u2019utilisation du site .... est soumis au droit fran\u00e7ais. Il est fait attribution exclusive de juridiction aux tribunaux comp\u00e9tents de Paris.<\/p>\r\n<h2>8. Les principales lois concern\u00e9es<\/h2>\r\n<p>Loi n\u00b0 78-17 du 6 janvier 1978, notamment modifi\u00e9e par la loi n\u00b0 2004-801 du 6 ao\u00fbt 2004 relative \u00e0 l'informatique, aux fichiers et aux libert\u00e9s.<\/p>\r\n<p>Loi n\u00b0 2004-575 du 21 juin 2004 pour la confiance dans l'\u00e9conomie num\u00e9rique.<\/p>\r\n<p>&nbsp;<\/p><\/div>\n\n\n\n<p><\/p>\n","protected":false},"excerpt":{"rendered":"","protected":false},"author":1,"featured_media":0,"parent":0,"menu_order":0,"comment_status":"closed","ping_status":"closed","template":"","meta":{"om_disable_all_campaigns":false,"_monsterinsights_skip_tracking":false,"_monsterinsights_sitenote_active":false,"_monsterinsights_sitenote_note":"","_monsterinsights_sitenote_category":0,"footnotes":""},"class_list":["post-119","page","type-page","status-publish","hentry"],"aioseo_notices":[],"_links":{"self":[{"href":"https:\/\/ouifrench.com\/index.php\/wp-json\/wp\/v2\/pages\/119","targetHints":{"allow":["GET"]}}],"collection":[{"href":"https:\/\/ouifrench.com\/index.php\/wp-json\/wp\/v2\/pages"}],"about":[{"href":"https:\/\/ouifrench.com\/index.php\/wp-json\/wp\/v2\/types\/page"}],"author":[{"embeddable":true,"href":"https:\/\/ouifrench.com\/index.php\/wp-json\/wp\/v2\/users\/1"}],"replies":[{"embeddable":true,"href":"https:\/\/ouifrench.com\/index.php\/wp-json\/wp\/v2\/comments?post=119"}],"version-history":[{"count":8,"href":"https:\/\/ouifrench.com\/index.php\/wp-json\/wp\/v2\/pages\/119\/revisions"}],"predecessor-version":[{"id":251,"href":"https:\/\/ouifrench.com\/index.php\/wp-json\/wp\/v2\/pages\/119\/revisions\/251"}],"wp:attachment":[{"href":"https:\/\/ouifrench.com\/index.php\/wp-json\/wp\/v2\/media?parent=119"}],"curies":[{"name":"wp","href":"https:\/\/api.w.org\/{rel}","templated":true}]}}